{"id":2,"date":"2018-10-18T18:26:31","date_gmt":"2018-10-18T18:26:31","guid":{"rendered":"http:\/\/gapskrattet.se\/?page_id=2"},"modified":"2025-11-08T09:57:30","modified_gmt":"2025-11-08T09:57:30","slug":"sample-page","status":"publish","type":"page","link":"https:\/\/gapskrattet.se\/","title":{"rendered":"Hem"},"content":{"rendered":"\n<figure class=\"wp-block-image size-full is-resized\"><a href=\"http:\/\/gapskrattet.se\/wp-content\/uploads\/2025\/11\/Backdroplogga_Gapskrattet.jpg\"><img loading=\"lazy\" decoding=\"async\" width=\"945\" height=\"421\" src=\"http:\/\/gapskrattet.se\/wp-content\/uploads\/2025\/11\/Backdroplogga_Gapskrattet.jpg\" alt=\"\" class=\"wp-image-411\" style=\"width:771px;height:auto\" srcset=\"https:\/\/gapskrattet.se\/wp-content\/uploads\/2025\/11\/Backdroplogga_Gapskrattet.jpg 945w, https:\/\/gapskrattet.se\/wp-content\/uploads\/2025\/11\/Backdroplogga_Gapskrattet-300x134.jpg 300w, https:\/\/gapskrattet.se\/wp-content\/uploads\/2025\/11\/Backdroplogga_Gapskrattet-768x342.jpg 768w, https:\/\/gapskrattet.se\/wp-content\/uploads\/2025\/11\/Backdroplogga_Gapskrattet-624x278.jpg 624w\" sizes=\"auto, (max-width: 945px) 100vw, 945px\" \/><\/a><\/figure>\n\n\n\n<h2 class=\"wp-block-heading\">Of\u00f6rgl\u00f6mliga event f\u00f6r f\u00f6retag och publik<\/h2>\n\n\n\n<p>Gapskrattet har specialiserat sig p\u00e5 att skapa unika och minnesv\u00e4rda humor-evenemang som stand-up, quiz och musikunderh\u00e5llning f\u00f6r alla tillf\u00e4llen. Varje event ska matcha era behov och skapa en rolig och engagerande atmosf\u00e4r d\u00e4r skratt st\u00e5r i fokus. Oavsett om det \u00e4r ett f\u00f6retagsevent eller en publikshow, levererar vi ett event som engagerar och skapar gl\u00e4dje.<\/p>\n\n\n\n<figure class=\"wp-block-image size-large\"><a href=\"https:\/\/gapskrattet.se\/wp-content\/uploads\/2025\/11\/img_2276_stefantaltet-scaled.jpeg\"><img loading=\"lazy\" decoding=\"async\" width=\"768\" height=\"1024\" src=\"https:\/\/gapskrattet.se\/wp-content\/uploads\/2025\/11\/img_2276_stefantaltet-768x1024.jpeg\" alt=\"\" class=\"wp-image-443\" srcset=\"https:\/\/gapskrattet.se\/wp-content\/uploads\/2025\/11\/img_2276_stefantaltet-768x1024.jpeg 768w, https:\/\/gapskrattet.se\/wp-content\/uploads\/2025\/11\/img_2276_stefantaltet-225x300.jpeg 225w, https:\/\/gapskrattet.se\/wp-content\/uploads\/2025\/11\/img_2276_stefantaltet-1152x1536.jpeg 1152w, https:\/\/gapskrattet.se\/wp-content\/uploads\/2025\/11\/img_2276_stefantaltet-1536x2048.jpeg 1536w, https:\/\/gapskrattet.se\/wp-content\/uploads\/2025\/11\/img_2276_stefantaltet-scaled.jpeg 1920w\" sizes=\"auto, (max-width: 768px) 100vw, 768px\" \/><\/a><\/figure>\n\n\n\n<h2 class=\"wp-block-heading\">Ett anpassat event just f\u00f6r din upplevelse<\/h2>\n\n\n\n<p>Vi specialiserar oss p\u00e5 att skapa anpassade humorevents f\u00f6r f\u00f6retag och allm\u00e4nheten. Oavsett om det \u00e4r stand-up, roast comedy, quiz eller musik- och humorf\u00f6rest\u00e4llningar, f\u00f6rvandlar vi varje tillf\u00e4lle till en minnesv\u00e4rd och rolig upplevelse. L\u00e5t oss hj\u00e4lpa dig att g\u00f6ra ditt n\u00e4sta event unikt och fyllt av skratt.<\/p>\n\n\n\n<figure class=\"wp-block-image size-large is-resized\"><a href=\"https:\/\/gapskrattet.se\/wp-content\/uploads\/2025\/11\/img_4087_publiktaltet-scaled.jpg\"><img loading=\"lazy\" decoding=\"async\" width=\"1024\" height=\"768\" src=\"https:\/\/gapskrattet.se\/wp-content\/uploads\/2025\/11\/img_4087_publiktaltet-1024x768.jpg\" alt=\"\" class=\"wp-image-445\" style=\"width:775px;height:auto\" srcset=\"https:\/\/gapskrattet.se\/wp-content\/uploads\/2025\/11\/img_4087_publiktaltet-1024x768.jpg 1024w, https:\/\/gapskrattet.se\/wp-content\/uploads\/2025\/11\/img_4087_publiktaltet-300x225.jpg 300w, https:\/\/gapskrattet.se\/wp-content\/uploads\/2025\/11\/img_4087_publiktaltet-768x576.jpg 768w, https:\/\/gapskrattet.se\/wp-content\/uploads\/2025\/11\/img_4087_publiktaltet-1536x1152.jpg 1536w, https:\/\/gapskrattet.se\/wp-content\/uploads\/2025\/11\/img_4087_publiktaltet-2048x1536.jpg 2048w\" sizes=\"auto, (max-width: 1024px) 100vw, 1024px\" \/><\/a><\/figure>\n","protected":false},"excerpt":{"rendered":"<p>Of\u00f6rgl\u00f6mliga event f\u00f6r f\u00f6retag och publik Gapskrattet har specialiserat sig p\u00e5 att skapa unika och minnesv\u00e4rda humor-evenemang som stand-up, quiz och musikunderh\u00e5llning f\u00f6r alla tillf\u00e4llen. Varje event ska matcha era behov och skapa en rolig och engagerande atmosf\u00e4r d\u00e4r skratt st\u00e5r i fokus. Oavsett om det \u00e4r ett f\u00f6retagsevent eller en publikshow, levererar vi ett&#8230;<\/p>\n","protected":false},"author":1,"featured_media":0,"parent":0,"menu_order":0,"comment_status":"closed","ping_status":"closed","template":"","meta":{"footnotes":""},"class_list":["post-2","page","type-page","status-publish","hentry"],"_links":{"self":[{"href":"https:\/\/gapskrattet.se\/index.php?rest_route=\/wp\/v2\/pages\/2","targetHints":{"allow":["GET"]}}],"collection":[{"href":"https:\/\/gapskrattet.se\/index.php?rest_route=\/wp\/v2\/pages"}],"about":[{"href":"https:\/\/gapskrattet.se\/index.php?rest_route=\/wp\/v2\/types\/page"}],"author":[{"embeddable":true,"href":"https:\/\/gapskrattet.se\/index.php?rest_route=\/wp\/v2\/users\/1"}],"replies":[{"embeddable":true,"href":"https:\/\/gapskrattet.se\/index.php?rest_route=%2Fwp%2Fv2%2Fcomments&post=2"}],"version-history":[{"count":21,"href":"https:\/\/gapskrattet.se\/index.php?rest_route=\/wp\/v2\/pages\/2\/revisions"}],"predecessor-version":[{"id":539,"href":"https:\/\/gapskrattet.se\/index.php?rest_route=\/wp\/v2\/pages\/2\/revisions\/539"}],"wp:attachment":[{"href":"https:\/\/gapskrattet.se\/index.php?rest_route=%2Fwp%2Fv2%2Fmedia&parent=2"}],"curies":[{"name":"wp","href":"https:\/\/api.w.org\/{rel}","templated":true}]}}