{"id":274,"date":"2020-11-01T14:13:43","date_gmt":"2020-11-01T14:13:43","guid":{"rendered":"http:\/\/gapskrattet.se\/?page_id=274"},"modified":"2025-11-13T14:44:30","modified_gmt":"2025-11-13T14:44:30","slug":"shower","status":"publish","type":"page","link":"https:\/\/gapskrattet.se\/?page_id=274","title":{"rendered":"Shower"},"content":{"rendered":"\n<figure class=\"wp-block-image size-full is-resized\"><a href=\"https:\/\/gapskrattet.se\/wp-content\/uploads\/2025\/11\/Annons_86x64.jpg\"><img loading=\"lazy\" decoding=\"async\" width=\"325\" height=\"242\" src=\"https:\/\/gapskrattet.se\/wp-content\/uploads\/2025\/11\/Annons_86x64.jpg\" alt=\"\" class=\"wp-image-508\" style=\"width:505px;height:auto\" srcset=\"https:\/\/gapskrattet.se\/wp-content\/uploads\/2025\/11\/Annons_86x64.jpg 325w, https:\/\/gapskrattet.se\/wp-content\/uploads\/2025\/11\/Annons_86x64-300x223.jpg 300w\" sizes=\"auto, (max-width: 325px) 100vw, 325px\" \/><\/a><\/figure>\n\n\n\n<p><\/p>\n\n\n\n<p>Med den lilla Glada Revyn bjuder jag p\u00e5 skratt, s\u00e5ng och sj\u00e4lvironi n\u00e4r jag tar publiken p\u00e5 en nostalgiresa till ungdomens dr\u00f6mmar och minnen fram till dagens gl\u00f6mda l\u00f6senord.<\/p>\n\n\n\n<p><strong>I den lilla Glada Revyn tittar vi tillsammans n\u00e4rmare p\u00e5:<\/strong><br>\u2013 Humorminnen<br>\u2013 N\u00e4r \u00e4r det dags att bli pension\u00e4r?<br>\u2013 Var allting b\u00e4ttre f\u00f6rr? Eller?<br>\u2013 Kan n\u00e5gon mangla ett lakan idag?<br>\u2013 Vem tog alla blommorna?<br>\u2013 Kom Siv-Inger med t\u00e5get?<br>\u2013 Hur p\u00e5verkas vi av ljud?<br>\u2013 M\u00e5ste gubbar bli sura?<br>\u2013 Hur h\u00e5ller vi oss unga?<br>\u2013 Kan vi t\u00e4nka oss att dela en miljonvinst?<\/p>\n\n\n\n<h2 class=\"wp-block-heading\">Kunder<\/h2>\n\n\n\n<p>Pension\u00e4rsf\u00f6reningar, Bygdeg\u00e5rdsf\u00f6reningar, Hembygdsf\u00f6reningar och glada grupper.<\/p>\n\n\n\n<h2 class=\"wp-block-heading\">Info och bokning<\/h2>\n\n\n\n<p>Stefan S\u00f6derblom<br>Epost: stefan.soderblom(at)gmail.com<br>Telefon: 070-264 05 21<br><a href=\"http:\/\/www.gladarevyn.se\/\">http:\/\/www.gladarevyn.se<\/a><\/p>\n\n\n\n<hr class=\"wp-block-separator has-alpha-channel-opacity\"\/>\n\n\n\n<figure class=\"wp-block-image is-resized\"><img loading=\"lazy\" decoding=\"async\" width=\"1024\" height=\"683\" src=\"http:\/\/gapskrattet.se\/wp-content\/uploads\/2022\/07\/Bilskylt_400x600-1024x683.jpg\" alt=\"\" class=\"wp-image-361\" style=\"width:494px;height:auto\" srcset=\"https:\/\/gapskrattet.se\/wp-content\/uploads\/2022\/07\/Bilskylt_400x600-1024x683.jpg 1024w, https:\/\/gapskrattet.se\/wp-content\/uploads\/2022\/07\/Bilskylt_400x600-300x200.jpg 300w, https:\/\/gapskrattet.se\/wp-content\/uploads\/2022\/07\/Bilskylt_400x600-768x512.jpg 768w\" sizes=\"auto, (max-width: 1024px) 100vw, 1024px\" \/><figcaption class=\"wp-element-caption\">I december 2022 var det krogshow i Sandviken med Ledinl\u00e5tar.<\/figcaption><\/figure>\n\n\n\n<hr class=\"wp-block-separator has-alpha-channel-opacity\"\/>\n\n\n\n<figure class=\"wp-block-image size-large is-resized\"><a href=\"https:\/\/gapskrattet.se\/wp-content\/uploads\/2025\/11\/StoffeSteffe_A6.jpg\"><img loading=\"lazy\" decoding=\"async\" width=\"1024\" height=\"704\" src=\"https:\/\/gapskrattet.se\/wp-content\/uploads\/2025\/11\/StoffeSteffe_A6-1024x704.jpg\" alt=\"\" class=\"wp-image-485\" style=\"width:498px;height:auto\" srcset=\"https:\/\/gapskrattet.se\/wp-content\/uploads\/2025\/11\/StoffeSteffe_A6-1024x704.jpg 1024w, https:\/\/gapskrattet.se\/wp-content\/uploads\/2025\/11\/StoffeSteffe_A6-300x206.jpg 300w, https:\/\/gapskrattet.se\/wp-content\/uploads\/2025\/11\/StoffeSteffe_A6-768x528.jpg 768w, https:\/\/gapskrattet.se\/wp-content\/uploads\/2025\/11\/StoffeSteffe_A6-1536x1056.jpg 1536w, https:\/\/gapskrattet.se\/wp-content\/uploads\/2025\/11\/StoffeSteffe_A6-2048x1408.jpg 2048w\" sizes=\"auto, (max-width: 1024px) 100vw, 1024px\" \/><\/a><\/figure>\n\n\n\n<hr class=\"wp-block-separator has-alpha-channel-opacity\"\/>\n\n\n\n<figure class=\"wp-block-image\"><img loading=\"lazy\" decoding=\"async\" width=\"492\" height=\"276\" src=\"http:\/\/gapskrattet.se\/wp-content\/uploads\/2020\/11\/Grodan_bild_492x276.jpg\" alt=\"\" class=\"wp-image-277\" srcset=\"https:\/\/gapskrattet.se\/wp-content\/uploads\/2020\/11\/Grodan_bild_492x276.jpg 492w, https:\/\/gapskrattet.se\/wp-content\/uploads\/2020\/11\/Grodan_bild_492x276-300x168.jpg 300w, https:\/\/gapskrattet.se\/wp-content\/uploads\/2020\/11\/Grodan_bild_492x276-400x225.jpg 400w\" sizes=\"auto, (max-width: 492px) 100vw, 492px\" \/><figcaption class=\"wp-element-caption\">En l\u00e4ttsam f\u00f6rest\u00e4llning om dumheter, och klavertramp.<\/figcaption><\/figure>\n\n\n\n<hr class=\"wp-block-separator has-alpha-channel-opacity\"\/>\n\n\n\n<figure class=\"wp-block-image size-large is-resized\"><a href=\"https:\/\/gapskrattet.se\/wp-content\/uploads\/2025\/11\/StoffeSteffe_Comedy_Show.jpg\"><img loading=\"lazy\" decoding=\"async\" width=\"742\" height=\"1024\" src=\"https:\/\/gapskrattet.se\/wp-content\/uploads\/2025\/11\/StoffeSteffe_Comedy_Show-742x1024.jpg\" alt=\"\" class=\"wp-image-486\" style=\"width:503px;height:auto\" srcset=\"https:\/\/gapskrattet.se\/wp-content\/uploads\/2025\/11\/StoffeSteffe_Comedy_Show-742x1024.jpg 742w, https:\/\/gapskrattet.se\/wp-content\/uploads\/2025\/11\/StoffeSteffe_Comedy_Show-217x300.jpg 217w, https:\/\/gapskrattet.se\/wp-content\/uploads\/2025\/11\/StoffeSteffe_Comedy_Show-768x1060.jpg 768w, https:\/\/gapskrattet.se\/wp-content\/uploads\/2025\/11\/StoffeSteffe_Comedy_Show-1113x1536.jpg 1113w, https:\/\/gapskrattet.se\/wp-content\/uploads\/2025\/11\/StoffeSteffe_Comedy_Show-1484x2048.jpg 1484w, https:\/\/gapskrattet.se\/wp-content\/uploads\/2025\/11\/StoffeSteffe_Comedy_Show.jpg 1772w\" sizes=\"auto, (max-width: 742px) 100vw, 742px\" \/><\/a><\/figure>\n\n\n\n<hr class=\"wp-block-separator has-alpha-channel-opacity\"\/>\n\n\n\n<figure class=\"wp-block-image is-resized\"><img loading=\"lazy\" decoding=\"async\" width=\"1024\" height=\"640\" src=\"http:\/\/gapskrattet.se\/wp-content\/uploads\/2020\/11\/klappjakt_PPT_logotype-1024x640.jpg\" alt=\"\" class=\"wp-image-319\" style=\"width:493px;height:auto\" srcset=\"https:\/\/gapskrattet.se\/wp-content\/uploads\/2020\/11\/klappjakt_PPT_logotype-1024x640.jpg 1024w, https:\/\/gapskrattet.se\/wp-content\/uploads\/2020\/11\/klappjakt_PPT_logotype-300x188.jpg 300w, https:\/\/gapskrattet.se\/wp-content\/uploads\/2020\/11\/klappjakt_PPT_logotype-768x480.jpg 768w, https:\/\/gapskrattet.se\/wp-content\/uploads\/2020\/11\/klappjakt_PPT_logotype.jpg 1134w\" sizes=\"auto, (max-width: 1024px) 100vw, 1024px\" \/><figcaption class=\"wp-element-caption\">&#8221;Klappjakt&#8221; \u00e4r en l\u00e4ttsam och familj\u00e4r humorf\u00f6rest\u00e4llning<br>kring v\u00e5rt julfirande. Julen \u00e4r helt uppenbart inte bara guld,<br>r\u00f6kelse och myrra!<\/figcaption><\/figure>\n","protected":false},"excerpt":{"rendered":"<p>Med den lilla Glada Revyn bjuder jag p\u00e5 skratt, s\u00e5ng och sj\u00e4lvironi n\u00e4r jag tar publiken p\u00e5 en nostalgiresa till ungdomens dr\u00f6mmar och minnen fram till dagens gl\u00f6mda l\u00f6senord. I den lilla Glada Revyn tittar vi tillsammans n\u00e4rmare p\u00e5:\u2013 Humorminnen\u2013 N\u00e4r \u00e4r det dags att bli pension\u00e4r?\u2013 Var allting b\u00e4ttre f\u00f6rr? Eller?\u2013 Kan n\u00e5gon mangla&#8230;<\/p>\n","protected":false},"author":1,"featured_media":0,"parent":0,"menu_order":75,"comment_status":"closed","ping_status":"closed","template":"","meta":{"footnotes":""},"class_list":["post-274","page","type-page","status-publish","hentry"],"_links":{"self":[{"href":"https:\/\/gapskrattet.se\/index.php?rest_route=\/wp\/v2\/pages\/274","targetHints":{"allow":["GET"]}}],"collection":[{"href":"https:\/\/gapskrattet.se\/index.php?rest_route=\/wp\/v2\/pages"}],"about":[{"href":"https:\/\/gapskrattet.se\/index.php?rest_route=\/wp\/v2\/types\/page"}],"author":[{"embeddable":true,"href":"https:\/\/gapskrattet.se\/index.php?rest_route=\/wp\/v2\/users\/1"}],"replies":[{"embeddable":true,"href":"https:\/\/gapskrattet.se\/index.php?rest_route=%2Fwp%2Fv2%2Fcomments&post=274"}],"version-history":[{"count":19,"href":"https:\/\/gapskrattet.se\/index.php?rest_route=\/wp\/v2\/pages\/274\/revisions"}],"predecessor-version":[{"id":564,"href":"https:\/\/gapskrattet.se\/index.php?rest_route=\/wp\/v2\/pages\/274\/revisions\/564"}],"wp:attachment":[{"href":"https:\/\/gapskrattet.se\/index.php?rest_route=%2Fwp%2Fv2%2Fmedia&parent=274"}],"curies":[{"name":"wp","href":"https:\/\/api.w.org\/{rel}","templated":true}]}}