{"id":517,"date":"2025-11-08T08:34:55","date_gmt":"2025-11-08T08:34:55","guid":{"rendered":"https:\/\/gapskrattet.se\/?page_id=517"},"modified":"2025-11-08T08:41:25","modified_gmt":"2025-11-08T08:41:25","slug":"sommarskoj-pa-nygards-loge","status":"publish","type":"page","link":"https:\/\/gapskrattet.se\/?page_id=517","title":{"rendered":"Sommarskoj p\u00e5 Nyg\u00e5rds loge"},"content":{"rendered":"\n<p>Hemma hos familjen S\u00f6derblom i \u00c5rsunda arrangerar Gapskrattet musik- och humorkv\u00e4llar i sin lada. \u00d6verskottet g\u00e5r till Cancerfonden.<\/p>\n\n\n\n<p id=\"sommarskoj\">Biljetter hittar du h\u00e4r:&nbsp;<a href=\"http:\/\/www.billetto.se\/\" target=\"_blank\" rel=\"noreferrer noopener\">https:\/\/billetto.se\/users\/gapskrattet<\/a><\/p>\n\n\n\n<figure class=\"wp-block-image size-full is-resized\"><a href=\"https:\/\/gapskrattet.se\/wp-content\/uploads\/2025\/11\/Kollage2025.jpg\"><img loading=\"lazy\" decoding=\"async\" width=\"992\" height=\"737\" src=\"https:\/\/gapskrattet.se\/wp-content\/uploads\/2025\/11\/Kollage2025.jpg\" alt=\"\" class=\"wp-image-518\" style=\"width:706px;height:auto\" srcset=\"https:\/\/gapskrattet.se\/wp-content\/uploads\/2025\/11\/Kollage2025.jpg 992w, https:\/\/gapskrattet.se\/wp-content\/uploads\/2025\/11\/Kollage2025-300x223.jpg 300w, https:\/\/gapskrattet.se\/wp-content\/uploads\/2025\/11\/Kollage2025-768x571.jpg 768w\" sizes=\"auto, (max-width: 992px) 100vw, 992px\" \/><\/a><\/figure>\n\n\n\n<hr class=\"wp-block-separator has-alpha-channel-opacity\"\/>\n\n\n\n<figure class=\"wp-block-image size-large\"><a href=\"https:\/\/gapskrattet.se\/wp-content\/uploads\/2025\/11\/Affisch_Sommarskoj.jpg\"><img loading=\"lazy\" decoding=\"async\" width=\"725\" height=\"1024\" src=\"https:\/\/gapskrattet.se\/wp-content\/uploads\/2025\/11\/Affisch_Sommarskoj-725x1024.jpg\" alt=\"\" class=\"wp-image-519\" srcset=\"https:\/\/gapskrattet.se\/wp-content\/uploads\/2025\/11\/Affisch_Sommarskoj-725x1024.jpg 725w, https:\/\/gapskrattet.se\/wp-content\/uploads\/2025\/11\/Affisch_Sommarskoj-212x300.jpg 212w, https:\/\/gapskrattet.se\/wp-content\/uploads\/2025\/11\/Affisch_Sommarskoj-768x1085.jpg 768w, https:\/\/gapskrattet.se\/wp-content\/uploads\/2025\/11\/Affisch_Sommarskoj-1087x1536.jpg 1087w, https:\/\/gapskrattet.se\/wp-content\/uploads\/2025\/11\/Affisch_Sommarskoj.jpg 1123w\" sizes=\"auto, (max-width: 725px) 100vw, 725px\" \/><\/a><\/figure>\n\n\n\n<hr class=\"wp-block-separator has-alpha-channel-opacity\"\/>\n\n\n\n<figure class=\"wp-block-image size-full is-resized\"><a href=\"https:\/\/gapskrattet.se\/wp-content\/uploads\/2025\/11\/kollage2024.jpg\"><img loading=\"lazy\" decoding=\"async\" width=\"992\" height=\"737\" src=\"https:\/\/gapskrattet.se\/wp-content\/uploads\/2025\/11\/kollage2024.jpg\" alt=\"\" class=\"wp-image-520\" style=\"width:708px;height:auto\" srcset=\"https:\/\/gapskrattet.se\/wp-content\/uploads\/2025\/11\/kollage2024.jpg 992w, https:\/\/gapskrattet.se\/wp-content\/uploads\/2025\/11\/kollage2024-300x223.jpg 300w, https:\/\/gapskrattet.se\/wp-content\/uploads\/2025\/11\/kollage2024-768x571.jpg 768w\" sizes=\"auto, (max-width: 992px) 100vw, 992px\" \/><\/a><\/figure>\n\n\n\n<hr class=\"wp-block-separator has-alpha-channel-opacity\"\/>\n\n\n\n<figure class=\"wp-block-image size-large is-resized\"><a href=\"https:\/\/gapskrattet.se\/wp-content\/uploads\/2025\/11\/Affisch_A3.jpg\"><img loading=\"lazy\" decoding=\"async\" width=\"725\" height=\"1024\" src=\"https:\/\/gapskrattet.se\/wp-content\/uploads\/2025\/11\/Affisch_A3-725x1024.jpg\" alt=\"\" class=\"wp-image-521\" style=\"width:730px;height:auto\" srcset=\"https:\/\/gapskrattet.se\/wp-content\/uploads\/2025\/11\/Affisch_A3-725x1024.jpg 725w, https:\/\/gapskrattet.se\/wp-content\/uploads\/2025\/11\/Affisch_A3-212x300.jpg 212w, https:\/\/gapskrattet.se\/wp-content\/uploads\/2025\/11\/Affisch_A3-768x1085.jpg 768w, https:\/\/gapskrattet.se\/wp-content\/uploads\/2025\/11\/Affisch_A3-1087x1536.jpg 1087w, https:\/\/gapskrattet.se\/wp-content\/uploads\/2025\/11\/Affisch_A3.jpg 1123w\" sizes=\"auto, (max-width: 725px) 100vw, 725px\" \/><\/a><\/figure>\n","protected":false},"excerpt":{"rendered":"<p>Hemma hos familjen S\u00f6derblom i \u00c5rsunda arrangerar Gapskrattet musik- och humorkv\u00e4llar i sin lada. \u00d6verskottet g\u00e5r till Cancerfonden. Biljetter hittar du h\u00e4r:&nbsp;https:\/\/billetto.se\/users\/gapskrattet<\/p>\n","protected":false},"author":1,"featured_media":0,"parent":5,"menu_order":0,"comment_status":"closed","ping_status":"closed","template":"","meta":{"footnotes":""},"class_list":["post-517","page","type-page","status-publish","hentry"],"_links":{"self":[{"href":"https:\/\/gapskrattet.se\/index.php?rest_route=\/wp\/v2\/pages\/517","targetHints":{"allow":["GET"]}}],"collection":[{"href":"https:\/\/gapskrattet.se\/index.php?rest_route=\/wp\/v2\/pages"}],"about":[{"href":"https:\/\/gapskrattet.se\/index.php?rest_route=\/wp\/v2\/types\/page"}],"author":[{"embeddable":true,"href":"https:\/\/gapskrattet.se\/index.php?rest_route=\/wp\/v2\/users\/1"}],"replies":[{"embeddable":true,"href":"https:\/\/gapskrattet.se\/index.php?rest_route=%2Fwp%2Fv2%2Fcomments&post=517"}],"version-history":[{"count":1,"href":"https:\/\/gapskrattet.se\/index.php?rest_route=\/wp\/v2\/pages\/517\/revisions"}],"predecessor-version":[{"id":525,"href":"https:\/\/gapskrattet.se\/index.php?rest_route=\/wp\/v2\/pages\/517\/revisions\/525"}],"up":[{"embeddable":true,"href":"https:\/\/gapskrattet.se\/index.php?rest_route=\/wp\/v2\/pages\/5"}],"wp:attachment":[{"href":"https:\/\/gapskrattet.se\/index.php?rest_route=%2Fwp%2Fv2%2Fmedia&parent=517"}],"curies":[{"name":"wp","href":"https:\/\/api.w.org\/{rel}","templated":true}]}}