{"id":68,"date":"2019-06-09T19:44:13","date_gmt":"2019-06-09T19:44:13","guid":{"rendered":"http:\/\/gapskrattet.se\/?page_id=68"},"modified":"2025-11-07T20:23:23","modified_gmt":"2025-11-07T20:23:23","slug":"after-work-quiz","status":"publish","type":"page","link":"https:\/\/gapskrattet.se\/?page_id=68","title":{"rendered":"Comedy Quiz"},"content":{"rendered":"\n<p>Att delta i quiz \u00e4r n\u00e5got av det roligaste man kan g\u00f6ra lagvis. Avsluta arbetsveckan med en garanterat trevlig kv\u00e4ll med god mat och en rolig fr\u00e5gesport med blandade fr\u00e5gor f\u00f6r alla \u00e5ldrar. Inled helgen med en seger \u00f6ver grannarna, marknadsavdelningen, revisionsbyr\u00e5n, kusinerna eller kanske bara Lag Bosse.<\/p>\n\n\n\n<figure class=\"wp-block-image\"><img loading=\"lazy\" decoding=\"async\" width=\"1024\" height=\"768\" src=\"http:\/\/gapskrattet.se\/wp-content\/uploads\/2019\/11\/AWQUIZ-1024x768.jpg\" alt=\"\" class=\"wp-image-260\" srcset=\"https:\/\/gapskrattet.se\/wp-content\/uploads\/2019\/11\/AWQUIZ.jpg 1024w, https:\/\/gapskrattet.se\/wp-content\/uploads\/2019\/11\/AWQUIZ-300x225.jpg 300w, https:\/\/gapskrattet.se\/wp-content\/uploads\/2019\/11\/AWQUIZ-768x576.jpg 768w\" sizes=\"auto, (max-width: 1024px) 100vw, 1024px\" \/><\/figure>\n\n\n\n<figure class=\"wp-block-image size-full is-resized\"><a href=\"https:\/\/gapskrattet.se\/wp-content\/uploads\/2025\/11\/quiz-1.jpg\"><img loading=\"lazy\" decoding=\"async\" width=\"768\" height=\"500\" src=\"https:\/\/gapskrattet.se\/wp-content\/uploads\/2025\/11\/quiz-1.jpg\" alt=\"\" class=\"wp-image-459\" style=\"width:840px;height:auto\" srcset=\"https:\/\/gapskrattet.se\/wp-content\/uploads\/2025\/11\/quiz-1.jpg 768w, https:\/\/gapskrattet.se\/wp-content\/uploads\/2025\/11\/quiz-1-300x195.jpg 300w\" sizes=\"auto, (max-width: 768px) 100vw, 768px\" \/><\/a><\/figure>\n","protected":false},"excerpt":{"rendered":"<p>Att delta i quiz \u00e4r n\u00e5got av det roligaste man kan g\u00f6ra lagvis. Avsluta arbetsveckan med en garanterat trevlig kv\u00e4ll med god mat och en rolig fr\u00e5gesport med blandade fr\u00e5gor f\u00f6r alla \u00e5ldrar. Inled helgen med en seger \u00f6ver grannarna, marknadsavdelningen, revisionsbyr\u00e5n, kusinerna eller kanske bara Lag Bosse.<\/p>\n","protected":false},"author":1,"featured_media":0,"parent":5,"menu_order":30,"comment_status":"closed","ping_status":"closed","template":"","meta":{"footnotes":""},"class_list":["post-68","page","type-page","status-publish","hentry"],"_links":{"self":[{"href":"https:\/\/gapskrattet.se\/index.php?rest_route=\/wp\/v2\/pages\/68","targetHints":{"allow":["GET"]}}],"collection":[{"href":"https:\/\/gapskrattet.se\/index.php?rest_route=\/wp\/v2\/pages"}],"about":[{"href":"https:\/\/gapskrattet.se\/index.php?rest_route=\/wp\/v2\/types\/page"}],"author":[{"embeddable":true,"href":"https:\/\/gapskrattet.se\/index.php?rest_route=\/wp\/v2\/users\/1"}],"replies":[{"embeddable":true,"href":"https:\/\/gapskrattet.se\/index.php?rest_route=%2Fwp%2Fv2%2Fcomments&post=68"}],"version-history":[{"count":9,"href":"https:\/\/gapskrattet.se\/index.php?rest_route=\/wp\/v2\/pages\/68\/revisions"}],"predecessor-version":[{"id":461,"href":"https:\/\/gapskrattet.se\/index.php?rest_route=\/wp\/v2\/pages\/68\/revisions\/461"}],"up":[{"embeddable":true,"href":"https:\/\/gapskrattet.se\/index.php?rest_route=\/wp\/v2\/pages\/5"}],"wp:attachment":[{"href":"https:\/\/gapskrattet.se\/index.php?rest_route=%2Fwp%2Fv2%2Fmedia&parent=68"}],"curies":[{"name":"wp","href":"https:\/\/api.w.org\/{rel}","templated":true}]}}