{"id":77,"date":"2019-06-09T19:51:16","date_gmt":"2019-06-09T19:51:16","guid":{"rendered":"http:\/\/gapskrattet.se\/?page_id=77"},"modified":"2025-11-07T20:25:51","modified_gmt":"2025-11-07T20:25:51","slug":"game-show","status":"publish","type":"page","link":"https:\/\/gapskrattet.se\/?page_id=77","title":{"rendered":"Game Show"},"content":{"rendered":"\n<p>Ett t\u00e4vlingsprogrammet d\u00e4r personalen ALLTID vinner eller kanske kompisg\u00e4nget.<\/p>\n\n\n\n<p>Att sitta i TV-soffan och svara r\u00e4tt och vinna i fr\u00e5gesportst\u00e4vlingar \u00e4r alltid underh\u00e5llande och mycket roligt. Nu \u00e4r det dags f\u00f6r dig att ta plats i programmet och f\u00f6rs\u00f6ka vinna.<\/p>\n\n\n\n<p>The Quiz Show \u00e4r eventet med massor av olika utmaningar och roliga fr\u00e5gor d\u00e4r samtliga i lokalen \u00e4r med och t\u00e4vlar. I finalen t\u00e4vlar de b\u00e4sta p\u00e5 scenen.<\/p>\n\n\n\n<p>Fr\u00e5gorna kan anpassas till er bransch och er verklighet. Priser kommer s\u00e4kert att delas ut.<\/p>\n\n\n\n<p>Innan eventet bes\u00f6ker vi f\u00f6retaget f\u00f6r att ta lite bilder och samla information allt f\u00f6r att kunna skapa ett riktigt bra event.<\/p>\n\n\n\n<p><strong>Exempel p\u00e5 kategorier:<\/strong><br>\u2013 Allm\u00e4nbildning<br>\u2013 V\u00e4rdel\u00f6st vetande<br>\u2013 Bildfr\u00e5gor<br>\u2013 Musikfr\u00e5gor<br>\u2013 Snabba svar<\/p>\n\n\n\n<figure class=\"wp-block-image size-large\"><a href=\"https:\/\/gapskrattet.se\/wp-content\/uploads\/2025\/11\/jeopardy-board.jpg\"><img loading=\"lazy\" decoding=\"async\" width=\"1024\" height=\"531\" src=\"https:\/\/gapskrattet.se\/wp-content\/uploads\/2025\/11\/jeopardy-board-1024x531.jpg\" alt=\"\" class=\"wp-image-463\" srcset=\"https:\/\/gapskrattet.se\/wp-content\/uploads\/2025\/11\/jeopardy-board-1024x531.jpg 1024w, https:\/\/gapskrattet.se\/wp-content\/uploads\/2025\/11\/jeopardy-board-300x156.jpg 300w, https:\/\/gapskrattet.se\/wp-content\/uploads\/2025\/11\/jeopardy-board-768x399.jpg 768w, https:\/\/gapskrattet.se\/wp-content\/uploads\/2025\/11\/jeopardy-board.jpg 1376w\" sizes=\"auto, (max-width: 1024px) 100vw, 1024px\" \/><\/a><\/figure>\n\n\n\n<p><\/p>\n","protected":false},"excerpt":{"rendered":"<p>Ett t\u00e4vlingsprogrammet d\u00e4r personalen ALLTID vinner eller kanske kompisg\u00e4nget. Att sitta i TV-soffan och svara r\u00e4tt och vinna i fr\u00e5gesportst\u00e4vlingar \u00e4r alltid underh\u00e5llande och mycket roligt. Nu \u00e4r det dags f\u00f6r dig att ta plats i programmet och f\u00f6rs\u00f6ka vinna. The Quiz Show \u00e4r eventet med massor av olika utmaningar och roliga fr\u00e5gor d\u00e4r samtliga&#8230;<\/p>\n","protected":false},"author":1,"featured_media":0,"parent":5,"menu_order":40,"comment_status":"closed","ping_status":"closed","template":"","meta":{"footnotes":""},"class_list":["post-77","page","type-page","status-publish","hentry"],"_links":{"self":[{"href":"https:\/\/gapskrattet.se\/index.php?rest_route=\/wp\/v2\/pages\/77","targetHints":{"allow":["GET"]}}],"collection":[{"href":"https:\/\/gapskrattet.se\/index.php?rest_route=\/wp\/v2\/pages"}],"about":[{"href":"https:\/\/gapskrattet.se\/index.php?rest_route=\/wp\/v2\/types\/page"}],"author":[{"embeddable":true,"href":"https:\/\/gapskrattet.se\/index.php?rest_route=\/wp\/v2\/users\/1"}],"replies":[{"embeddable":true,"href":"https:\/\/gapskrattet.se\/index.php?rest_route=%2Fwp%2Fv2%2Fcomments&post=77"}],"version-history":[{"count":6,"href":"https:\/\/gapskrattet.se\/index.php?rest_route=\/wp\/v2\/pages\/77\/revisions"}],"predecessor-version":[{"id":465,"href":"https:\/\/gapskrattet.se\/index.php?rest_route=\/wp\/v2\/pages\/77\/revisions\/465"}],"up":[{"embeddable":true,"href":"https:\/\/gapskrattet.se\/index.php?rest_route=\/wp\/v2\/pages\/5"}],"wp:attachment":[{"href":"https:\/\/gapskrattet.se\/index.php?rest_route=%2Fwp%2Fv2%2Fmedia&parent=77"}],"curies":[{"name":"wp","href":"https:\/\/api.w.org\/{rel}","templated":true}]}}