{"id":79,"date":"2019-06-09T19:52:20","date_gmt":"2019-06-09T19:52:20","guid":{"rendered":"http:\/\/gapskrattet.se\/?page_id=79"},"modified":"2025-11-07T20:30:44","modified_gmt":"2025-11-07T20:30:44","slug":"awards","status":"publish","type":"page","link":"https:\/\/gapskrattet.se\/?page_id=79","title":{"rendered":"Awards Show"},"content":{"rendered":"\n<p>Prisgalan f\u00f6r personalen p\u00e5 ditt f\u00f6retag! Ett event d\u00e4r f\u00f6retagets personal \u00e4r kv\u00e4llens stj\u00e4rnor i en klassisk prisgala, ledd av en st\u00e5uppkomiker, med prisutdelning och underh\u00e5llning.<\/p>\n\n\n\n<p>Se kv\u00e4llens v\u00e4rd dela ut priser i kategorier som alla l\u00e4nge v\u00e4ntat p\u00e5 att f\u00e5 se.<\/p>\n\n\n\n<p><strong>H\u00e4r f\u00f6ljer n\u00e5gra exempel p\u00e5 roliga priser ni kan dela ut:<\/strong><br>\u2013 \u00c5rets barista<br>\u2013 \u00c5rets otursknutte<br>\u2013 \u00c5rets fixare<br>\u2013 \u00c5rets datan\u00f6rd<br>\u2013 \u00c5rets lustigkurre<br>\u2013 \u00c5rets tidsoptimist<br>\u2013 \u00c5rets vabbare<\/p>\n\n\n\n<p>Vi v\u00e4ljer tillsammans kategorier och vinnare och s\u00e4tter d\u00e4rmed niv\u00e5n p\u00e5 galan.<br>Galan ska absolut inte genera utan enbart underh\u00e5lla!<\/p>\n\n\n\n<p>Precis som andra galor s\u00e5 \u00e4r \u00e4ven denna fylld av humor.<br>Utdelningen av priserna sker blandat med intervjuer, bra och s\u00e4mre tacktal.<\/p>\n\n\n\n<p>Galans succ\u00e9 bygger givetvis p\u00e5 valet av vinnare s\u00e5 det g\u00e4ller att hitta \u201dr\u00e4tt\u201d personer.<\/p>\n\n\n\n<p>Finns m\u00f6jlighet att anv\u00e4nda projektor s\u00e5 skapas en specialgjord PowerPoint med f\u00f6retagets vinnare. Detta blir garanterat ett event ni sent kommer att gl\u00f6mma!<\/p>\n\n\n\n<figure class=\"wp-block-image is-resized\"><img loading=\"lazy\" decoding=\"async\" width=\"1024\" height=\"768\" src=\"http:\/\/gapskrattet.se\/wp-content\/uploads\/2019\/06\/awards-1024x768.jpg\" alt=\"\" class=\"wp-image-163\" style=\"width:734px;height:auto\" srcset=\"https:\/\/gapskrattet.se\/wp-content\/uploads\/2019\/06\/awards-1024x768.jpg 1024w, https:\/\/gapskrattet.se\/wp-content\/uploads\/2019\/06\/awards-300x225.jpg 300w, https:\/\/gapskrattet.se\/wp-content\/uploads\/2019\/06\/awards-768x576.jpg 768w\" sizes=\"auto, (max-width: 1024px) 100vw, 1024px\" \/><\/figure>\n","protected":false},"excerpt":{"rendered":"<p>Prisgalan f\u00f6r personalen p\u00e5 ditt f\u00f6retag! Ett event d\u00e4r f\u00f6retagets personal \u00e4r kv\u00e4llens stj\u00e4rnor i en klassisk prisgala, ledd av en st\u00e5uppkomiker, med prisutdelning och underh\u00e5llning. Se kv\u00e4llens v\u00e4rd dela ut priser i kategorier som alla l\u00e4nge v\u00e4ntat p\u00e5 att f\u00e5 se. H\u00e4r f\u00f6ljer n\u00e5gra exempel p\u00e5 roliga priser ni kan dela ut:\u2013 \u00c5rets barista\u2013&#8230;<\/p>\n","protected":false},"author":1,"featured_media":0,"parent":5,"menu_order":60,"comment_status":"closed","ping_status":"closed","template":"","meta":{"footnotes":""},"class_list":["post-79","page","type-page","status-publish","hentry"],"_links":{"self":[{"href":"https:\/\/gapskrattet.se\/index.php?rest_route=\/wp\/v2\/pages\/79","targetHints":{"allow":["GET"]}}],"collection":[{"href":"https:\/\/gapskrattet.se\/index.php?rest_route=\/wp\/v2\/pages"}],"about":[{"href":"https:\/\/gapskrattet.se\/index.php?rest_route=\/wp\/v2\/types\/page"}],"author":[{"embeddable":true,"href":"https:\/\/gapskrattet.se\/index.php?rest_route=\/wp\/v2\/users\/1"}],"replies":[{"embeddable":true,"href":"https:\/\/gapskrattet.se\/index.php?rest_route=%2Fwp%2Fv2%2Fcomments&post=79"}],"version-history":[{"count":7,"href":"https:\/\/gapskrattet.se\/index.php?rest_route=\/wp\/v2\/pages\/79\/revisions"}],"predecessor-version":[{"id":469,"href":"https:\/\/gapskrattet.se\/index.php?rest_route=\/wp\/v2\/pages\/79\/revisions\/469"}],"up":[{"embeddable":true,"href":"https:\/\/gapskrattet.se\/index.php?rest_route=\/wp\/v2\/pages\/5"}],"wp:attachment":[{"href":"https:\/\/gapskrattet.se\/index.php?rest_route=%2Fwp%2Fv2%2Fmedia&parent=79"}],"curies":[{"name":"wp","href":"https:\/\/api.w.org\/{rel}","templated":true}]}}