{"id":8,"date":"2019-06-08T12:58:06","date_gmt":"2019-06-08T12:58:06","guid":{"rendered":"http:\/\/gapskrattet.se\/?page_id=8"},"modified":"2025-11-07T20:09:46","modified_gmt":"2025-11-07T20:09:46","slug":"comedy-nights","status":"publish","type":"page","link":"https:\/\/gapskrattet.se\/?page_id=8","title":{"rendered":"Stand-up Comedy"},"content":{"rendered":"\n<figure class=\"wp-block-image\"><img loading=\"lazy\" decoding=\"async\" width=\"1024\" height=\"768\" src=\"http:\/\/gapskrattet.se\/wp-content\/uploads\/2019\/06\/002_standup-1024x768.jpg\" alt=\"\" class=\"wp-image-152\" srcset=\"https:\/\/gapskrattet.se\/wp-content\/uploads\/2019\/06\/002_standup-1024x768.jpg 1024w, https:\/\/gapskrattet.se\/wp-content\/uploads\/2019\/06\/002_standup-300x225.jpg 300w, https:\/\/gapskrattet.se\/wp-content\/uploads\/2019\/06\/002_standup-768x576.jpg 768w\" sizes=\"auto, (max-width: 1024px) 100vw, 1024px\" \/><\/figure>\n\n\n\n<h2 class=\"wp-block-heading\">Stefan S\u00f6derblom<\/h2>\n\n\n\n<p>Jag erbjuder stand-up comedy och ingen beh\u00f6ver vara orolig eller bli uppr\u00f6rd utan lugnt kan sitta och bara skratta. Min humor \u00e4r ren, sn\u00e4ll, alldaglig, smart, igenk\u00e4nnande och rolig. Mitt m\u00e5l \u00e4r alltid att anpassa mitt material till publiken\/f\u00f6retaget och det aktuella l\u00e4get i n\u00e4romr\u00e5det.<\/p>\n\n\n\n<p>Jag har sedan starten 2008 gjort flera hundra framtr\u00e4danden runt om i Sverige p\u00e5 f\u00f6retag och standupklubbar som Gasta, Norra Brunn, Big Ben, Skratta med K\u00e4ften, TICK, Syster &amp; Bror samt \u00e4ven i USA och England.<\/p>\n\n\n\n<h2 class=\"wp-block-heading\">Jag som komiker<\/h2>\n\n\n\n<p>\u2013 Jag \u00e4r en sn\u00e4ll komiker<br>\u2013 Jag sk\u00e4mtar om alla typer av vardagliga observationer<br>\u2013 Jag vill g\u00e4rna g\u00f6ra f\u00f6rest\u00e4llningen tillsammans med min publik<br>\u2013 Jag \u00e4r lyh\u00f6rd<br>\u2013 Jag \u00e4r ditt val f\u00f6r en kul kv\u00e4ll<\/p>\n\n\n\n<h2 class=\"wp-block-heading\">Specialskrivet material<\/h2>\n\n\n\n<p>Jag kan \u00e4ven givetvis specialskriva material just till ditt<br>alldeles unika tillf\u00e4lle om intresse finns!<\/p>\n\n\n\n<h2 class=\"wp-block-heading\">Humorkv\u00e4ll med flera komiker<\/h2>\n\n\n\n<p>Jag kan ocks\u00e5 arrangera en hel comedy-kv\u00e4ll med ett koppel av lokala eller inhyrda komiker. Alternativt kommer jag sj\u00e4lv och underh\u00e5ller er.<\/p>\n\n\n\n<h2 class=\"wp-block-heading\">Att t\u00e4nka p\u00e5 inf\u00f6r en humorkv\u00e4ll<\/h2>\n\n\n\n<p>Ber\u00e4tta om dig sj\u00e4lv och ditt arrangemang.<br>Hur ser lokalen ut? Antal i publiken? \u00c5ldrar?<br>N\u00e4r \u00e4r det t\u00e4nkt att ske?<br>Finns ljud och ljus p\u00e5 plats?<br>Jag har \u00e4ven egen ljud- och ljusanl\u00e4ggning.<\/p>\n\n\n\n<h2 class=\"wp-block-heading\">S\u00e5 bokar du mig<\/h2>\n\n\n\n<p>070-264 05 21 (b\u00e4rbar st\u00e5upptelefon)<br>stefan.soderblom(at)gmail.com<br>\u00d6sterbogatan 8, 810 22 \u00c5rsunda (traditionell postg\u00e5ng)<\/p>\n\n\n\n<p>Jag har naturligtvis F-skattesedel.<\/p>\n","protected":false},"excerpt":{"rendered":"<p>Stefan S\u00f6derblom Jag erbjuder stand-up comedy och ingen beh\u00f6ver vara orolig eller bli uppr\u00f6rd utan lugnt kan sitta och bara skratta. Min humor \u00e4r ren, sn\u00e4ll, alldaglig, smart, igenk\u00e4nnande och rolig. Mitt m\u00e5l \u00e4r alltid att anpassa mitt material till publiken\/f\u00f6retaget och det aktuella l\u00e4get i n\u00e4romr\u00e5det. Jag har sedan starten 2008 gjort flera hundra&#8230;<\/p>\n","protected":false},"author":1,"featured_media":0,"parent":5,"menu_order":5,"comment_status":"closed","ping_status":"closed","template":"","meta":{"footnotes":""},"class_list":["post-8","page","type-page","status-publish","hentry"],"_links":{"self":[{"href":"https:\/\/gapskrattet.se\/index.php?rest_route=\/wp\/v2\/pages\/8","targetHints":{"allow":["GET"]}}],"collection":[{"href":"https:\/\/gapskrattet.se\/index.php?rest_route=\/wp\/v2\/pages"}],"about":[{"href":"https:\/\/gapskrattet.se\/index.php?rest_route=\/wp\/v2\/types\/page"}],"author":[{"embeddable":true,"href":"https:\/\/gapskrattet.se\/index.php?rest_route=\/wp\/v2\/users\/1"}],"replies":[{"embeddable":true,"href":"https:\/\/gapskrattet.se\/index.php?rest_route=%2Fwp%2Fv2%2Fcomments&post=8"}],"version-history":[{"count":20,"href":"https:\/\/gapskrattet.se\/index.php?rest_route=\/wp\/v2\/pages\/8\/revisions"}],"predecessor-version":[{"id":449,"href":"https:\/\/gapskrattet.se\/index.php?rest_route=\/wp\/v2\/pages\/8\/revisions\/449"}],"up":[{"embeddable":true,"href":"https:\/\/gapskrattet.se\/index.php?rest_route=\/wp\/v2\/pages\/5"}],"wp:attachment":[{"href":"https:\/\/gapskrattet.se\/index.php?rest_route=%2Fwp%2Fv2%2Fmedia&parent=8"}],"curies":[{"name":"wp","href":"https:\/\/api.w.org\/{rel}","templated":true}]}}