{"id":81,"date":"2019-06-09T19:53:04","date_gmt":"2019-06-09T19:53:04","guid":{"rendered":"http:\/\/gapskrattet.se\/?page_id=81"},"modified":"2025-11-07T20:26:49","modified_gmt":"2025-11-07T20:26:49","slug":"talkshow","status":"publish","type":"page","link":"https:\/\/gapskrattet.se\/?page_id=81","title":{"rendered":"Talkshow"},"content":{"rendered":"\n<p>The Talkshow \u00e4r ett event i ett modernt talkshow-koncept d\u00e4r just ditt f\u00f6retag och personalen f\u00e5r st\u00e5 i centrum! Efter det att ni av\u00adnjutit en god middag alternativt ett inledande mingel s\u00e5 bjuds ni p\u00e5 en specialanpassad underh\u00e5llning fylld med humor, sp\u00e4nnande g\u00e4ster, t\u00e4vlingar och \u00f6verraskningar.<\/p>\n\n\n\n<p>M\u00e5let med eventet \u00e4r att skapa en vi-k\u00e4nsla och samtidigt ha roligt.<\/p>\n\n\n\n<p>F\u00f6r att skapa ett riktigt bra och special\u00adanpassat event s\u00e5 bes\u00f6ks f\u00f6retaget innan f\u00f6r att ta lite bilder och samla information.<\/p>\n\n\n\n<p><strong>Inneh\u00e5ll:<\/strong><br>\u2013 Humor<br>\u2013 Sp\u00e4nnande g\u00e4ster\/kollegor<br>\u2013 Dolda talanger<br>\u2013 T\u00e4vlingar<br>\u2013 \u00d6verraskningar<br>\u2013 Massor av skratt<br>\u2013 Nya \u201dstj\u00e4rnor\u201d p\u00e5 jobbet<\/p>\n\n\n\n<figure class=\"wp-block-image\"><img loading=\"lazy\" decoding=\"async\" width=\"1024\" height=\"768\" src=\"http:\/\/gapskrattet.se\/wp-content\/uploads\/2019\/06\/Talkshow-1024x768.jpg\" alt=\"\" class=\"wp-image-124\" srcset=\"https:\/\/gapskrattet.se\/wp-content\/uploads\/2019\/06\/Talkshow-1024x768.jpg 1024w, https:\/\/gapskrattet.se\/wp-content\/uploads\/2019\/06\/Talkshow-300x225.jpg 300w, https:\/\/gapskrattet.se\/wp-content\/uploads\/2019\/06\/Talkshow-768x576.jpg 768w\" sizes=\"auto, (max-width: 1024px) 100vw, 1024px\" \/><\/figure>\n","protected":false},"excerpt":{"rendered":"<p>The Talkshow \u00e4r ett event i ett modernt talkshow-koncept d\u00e4r just ditt f\u00f6retag och personalen f\u00e5r st\u00e5 i centrum! Efter det att ni av\u00adnjutit en god middag alternativt ett inledande mingel s\u00e5 bjuds ni p\u00e5 en specialanpassad underh\u00e5llning fylld med humor, sp\u00e4nnande g\u00e4ster, t\u00e4vlingar och \u00f6verraskningar. M\u00e5let med eventet \u00e4r att skapa en vi-k\u00e4nsla och&#8230;<\/p>\n","protected":false},"author":1,"featured_media":0,"parent":5,"menu_order":50,"comment_status":"closed","ping_status":"closed","template":"","meta":{"footnotes":""},"class_list":["post-81","page","type-page","status-publish","hentry"],"_links":{"self":[{"href":"https:\/\/gapskrattet.se\/index.php?rest_route=\/wp\/v2\/pages\/81","targetHints":{"allow":["GET"]}}],"collection":[{"href":"https:\/\/gapskrattet.se\/index.php?rest_route=\/wp\/v2\/pages"}],"about":[{"href":"https:\/\/gapskrattet.se\/index.php?rest_route=\/wp\/v2\/types\/page"}],"author":[{"embeddable":true,"href":"https:\/\/gapskrattet.se\/index.php?rest_route=\/wp\/v2\/users\/1"}],"replies":[{"embeddable":true,"href":"https:\/\/gapskrattet.se\/index.php?rest_route=%2Fwp%2Fv2%2Fcomments&post=81"}],"version-history":[{"count":5,"href":"https:\/\/gapskrattet.se\/index.php?rest_route=\/wp\/v2\/pages\/81\/revisions"}],"predecessor-version":[{"id":466,"href":"https:\/\/gapskrattet.se\/index.php?rest_route=\/wp\/v2\/pages\/81\/revisions\/466"}],"up":[{"embeddable":true,"href":"https:\/\/gapskrattet.se\/index.php?rest_route=\/wp\/v2\/pages\/5"}],"wp:attachment":[{"href":"https:\/\/gapskrattet.se\/index.php?rest_route=%2Fwp%2Fv2%2Fmedia&parent=81"}],"curies":[{"name":"wp","href":"https:\/\/api.w.org\/{rel}","templated":true}]}}